{"id":17,"date":"2011-06-24T03:02:05","date_gmt":"2011-06-24T03:02:05","guid":{"rendered":"https:\/\/osebnokolektivno.kudmreza.org\/?page_id=17"},"modified":"2011-06-24T03:02:05","modified_gmt":"2011-06-24T03:02:05","slug":"domov","status":"publish","type":"page","link":"https:\/\/osebnokolektivno.kudmreza.org\/","title":{"rendered":"DOMOV"},"content":{"rendered":"<p>Osebno sfero umetni\u0161kega udejstvovanja vedno sooblikuje kolektivna. In ker velja tudi obratno, je ti dve sferi vsaj znotraj isto\u010dasnosti, kakr\u0161na je improvizacija, nemogo\u010de misliti lo\u010deno eno od druge.<\/p>\n<p>Na tak\u0161ni predpostavki sloni praksa festivala <strong>Osebno \u2013 kolektivno<\/strong>, ki bo letos v Sloveniji potekal tretji\u010d.<\/p>\n<p>Idejni vodja festivala je v Berlinu \u017eive\u010di japonski tolkalec in improvizator <strong>Seijiro Murayama<\/strong>, ki ga je lahko doma\u010da publika v zadnjih letih spremljala na \u0161tevilnih samostojnih nastopih ter v navezi z doma\u010dimi in tujimi glasbeniki (s Toma\u017eem Gromom, z N\u2019tokom, Markom Karlov\u010dcem, Martinom K\u00fcchnom, Renatom Rinaldijem, Enricom Malatesto \u2026).<\/p>\n<p><strong>Udele\u017eenci festivala Osebno \u2013 kolektivno 2012:<\/strong><\/p>\n<p><strong>Jean-Luc Guionnet,<\/strong> Francija<br \/>\n<strong>Dafne Vicente-Sandoval<\/strong>, Francija<br \/>\n<strong>Noid<\/strong>, Avstrija<br \/>\n<strong>Klaus Filip<\/strong>, Avstrija<br \/>\n<strong>Tim Blechmann<\/strong>, Avstrija<br \/>\n<strong>Samo Kutin<\/strong>, Slovenija<br \/>\n<strong>Ne\u017ea Nagli\u010d<\/strong>, Slovenija<br \/>\n<strong>Marko Karlov\u010dec<\/strong>, Slovenija<br \/>\n<strong>Peter \u0160\u00fcklar<\/strong>, Slovenija<br \/>\n<strong>Bo\u0161tjan Simon<\/strong>, Slovenija<br \/>\n<strong>Seijiro Murayama<\/strong>, Japonska, Nem\u010dija<\/p>\n<p><span class=\"rumena\"><strong>Program:<\/strong><\/span> <\/p>\n<p><span class=\"rumena\"><strong>sreda, 5. 9. 2012:<\/strong><\/span><br \/>\n20.00 vrata<br \/>\n20.30-21.30 solo nastopi<br \/>\n22.00-23.00 nastopi triov<br \/>\n23.30-24.30 drugo<\/p>\n<p><span class=\"rumena\"><strong>\u010detrtek, 6. 9. 2012:<\/strong><\/span><br \/>\n20.00 vrata<br \/>\n20.30-21.30 dueti<br \/>\n22.00-23.00 velike skupine<br \/>\n23.30-24.30 drugo<\/p>\n<p>Festival ni sofinanciran.<\/p>\n<p><strong>Vstopnina:<\/strong> 5 \u20ac (na dan)<br \/>\n<strong>Organizacija:<\/strong> Kud Mre\u017ea in Menza pri koritu<\/p>\n<p><\/p>\n<div id=\"crtice\" width=\"100%\"><img decoding=\"async\" alt=\"spacer\" src=\"https:\/\/osebnokolektivno.kudmreza.org\/wp-content\/themes\/osebnokolektivno\/images\/clear.gif\"><\/div>\n<p><\/p>\n<div><img loading=\"lazy\" decoding=\"async\" src=\"https:\/\/osebnokolektivno.kudmreza.org\/wp-content\/themes\/osebnokolektivno\/images\/glavniTajtl_2011_slo.jpg\" alt=\"\" title=\"glavniTajtl_2011_slo\" width=\"711\" height=\"37\" \/><\/div>\n<div><img loading=\"lazy\" decoding=\"async\" src=\"https:\/\/osebnokolektivno.kudmreza.org\/wp-content\/themes\/osebnokolektivno\/images\/prizorisca_2011.jpg\" alt=\"prizorisca_2011\" title=\"prizorisca_2011\" width=\"711\" height=\"24\" \/><\/div>\n<h2>Kud Mre\u017ea\/Metelkova mesto napoveduje:<\/h2>\n<div class=\"h1\">Festival Osebno \u2013 kolektivno \/ Personal\u2013Collective<\/div>\n<div class=\"h2\">Odprto dvori\u0161\u010de za kavarno SEM, Menza pri koritu in Kiberpipa<\/div>\n<div class=\"h2\">4. 7. 2011\u20136. 7. 2011<\/div>\n<p>\nOsebno sfero umetni\u0161kega udejstvovanja vedno sooblikuje kolektivna. In ker velja tudi obratno, je ti dve sferi vsaj znotraj isto\u010dasnosti, kakr\u0161na je improvizacija, nemogo\u010de misliti lo\u010deno eno od druge.<\/p>\n<p>Na tak\u0161ni predpostavki sloni praksa festivala <strong>Osebno \u2013 kolektivno<\/strong>, ki bo letos potekal \u017ee drugi\u010d. Njegov glavni namen je po eni strani prepletanje \u00bbosebne\u00ab in \u00bbkolektivne\u00ab  umetni\u0161ke dejavnosti, po drugi strani pa tudi razli\u010dnih umetni\u0161kih zvrsti. Poleg glasbenih improvizatorjev se bodo festivala tokrat udele\u017eili tudi slikarji, videasti, plesalci, performerji, gledali\u0161\u010dniki in zvo\u010dni umetniki.<\/p>\n<p>Na dvodnevnem delovnem taboru se bo sre\u010devalo enaindvajset umetnikov iz razli\u010dnih evropskih dr\u017eav. Predstavili se bodo kot solisti, v vnaprej dolo\u010denih sestavih in v kombinacijah, ki bodo nastajale sproti, na licu mesta.<\/p>\n<p>Posebni dogodki festivala so: nastop dua <strong>Jean-Luc Guionnet &amp; Seijiro Murayama<\/strong>, solisti\u010dna nastopa <strong>Erica Cordierja<\/strong> in <strong>Annette Krebs<\/strong> ter predavanje <strong>Jean-Luca Guionneta<\/strong> o arhitekturi poslu\u0161anja (soorganizacija: Serija zvo\u010dnih dogodkov in predavanj Bitshift \/ Galerija Kapelica).<\/p>\n<p>Idejni vodja festivala je v Parizu \u017eive\u010di japonski tolkalec in improvizator Seijiro Murayama, ki ga je lahko doma\u010da publika v zadnjih letih spremljala na \u0161tevilnih samostojnih nastopih ter v navezi z doma\u010dimi in tujimi glasbeniki (s Toma\u017eem Gromom, z N&#8217;tokom, Markom Karlov\u010dcem, Martinom K\u00fcchnom, Renatom Rinaldijem, Enricom Malatesto \u2026).<\/p>\n<div class=\"h3\">Udele\u017eenci festivala Osebno \u2013 kolektivno 2011:<\/div>\n<p>G: glasba, PL: ples, V: vizualna umetnost, T: teater, P: performans<\/p>\n<p>Nikos Veliotis (Gr\u010dija) &#8211; G<br \/>\nDimitra Lazaridou Chatzigoga (Gr\u010dija) &#8211; G<br \/>\nAnnette Krebs (Nem\u010dija) &#8211; G<br \/>\nIvan Palacky (\u010ce\u0161ka) &#8211; G<br \/>\nEric Cordier (Francija) &#8211; G<br \/>\nSeijiro Murayama (Japonska) &#8211; G<br \/>\nEnrico Malatesta (Italija) &#8211; G<br \/>\nFranz Hautzinger (Avstrija) &#8211; G<br \/>\nJean-Luc Guionnet (Francija) &#8211; G<br \/>\nMarc Perron-Bailly (Francija) &#8211; V<br \/>\nGa\u00ebl Leveugle (Francija) &#8211; T<br \/>\nFran\u00e7ois Bidault (Francija) &#8211; V<br \/>\nNhandan Chirco (Italija) &#8211; PL\/P<br \/>\nJulij Bor\u0161tnik (Slovenija) &#8211; V<br \/>\nDaniel Marin\u010di\u010d (Slovenija) &#8211; G<br \/>\nNe\u017ea Nagli\u010d (Slovenija) &#8211; G<br \/>\nIrena Toma\u017ein (Slovenija) &#8211; G\/PL<br \/>\nToma\u017e Grom (Slovenija) &#8211; G<br \/>\nRyuzo Fukuhara (Slovenija) &#8211; PL<br \/>\nPaul Wenninger (Avstrija) &#8211; PL<br \/>\nMiro T\u00f3th (Slova\u0161ka) &#8211; G<br \/>\nSlavo Krekovi\u010d (Slova\u0161ka) &#8211; G<\/p>\n","protected":false},"excerpt":{"rendered":"<p>Osebno sfero umetni\u0161kega udejstvovanja vedno sooblikuje kolektivna. In ker velja tudi obratno, je ti dve sferi vsaj znotraj isto\u010dasnosti, kakr\u0161na je improvizacija, nemogo\u010de misliti lo\u010deno eno od druge. Na tak\u0161ni predpostavki sloni praksa festivala Osebno \u2013 kolektivno, ki bo letos v Sloveniji potekal tretji\u010d. Idejni vodja festivala je v Berlinu \u017eive\u010di japonski tolkalec in improvizator [&hellip;]<\/p>\n","protected":false},"author":1,"featured_media":0,"parent":0,"menu_order":0,"comment_status":"open","ping_status":"open","template":"","meta":{"footnotes":""},"class_list":["post-17","page","type-page","status-publish","hentry"],"_links":{"self":[{"href":"https:\/\/osebnokolektivno.kudmreza.org\/index.php?rest_route=\/wp\/v2\/pages\/17","targetHints":{"allow":["GET"]}}],"collection":[{"href":"https:\/\/osebnokolektivno.kudmreza.org\/index.php?rest_route=\/wp\/v2\/pages"}],"about":[{"href":"https:\/\/osebnokolektivno.kudmreza.org\/index.php?rest_route=\/wp\/v2\/types\/page"}],"author":[{"embeddable":true,"href":"https:\/\/osebnokolektivno.kudmreza.org\/index.php?rest_route=\/wp\/v2\/users\/1"}],"replies":[{"embeddable":true,"href":"https:\/\/osebnokolektivno.kudmreza.org\/index.php?rest_route=%2Fwp%2Fv2%2Fcomments&post=17"}],"version-history":[{"count":0,"href":"https:\/\/osebnokolektivno.kudmreza.org\/index.php?rest_route=\/wp\/v2\/pages\/17\/revisions"}],"wp:attachment":[{"href":"https:\/\/osebnokolektivno.kudmreza.org\/index.php?rest_route=%2Fwp%2Fv2%2Fmedia&parent=17"}],"curies":[{"name":"wp","href":"https:\/\/api.w.org\/{rel}","templated":true}]}}