{"id":19,"date":"2011-06-24T03:04:59","date_gmt":"2011-06-24T03:04:59","guid":{"rendered":"https:\/\/osebnokolektivno.kudmreza.org\/?page_id=19"},"modified":"2011-06-24T03:04:59","modified_gmt":"2011-06-24T03:04:59","slug":"home","status":"publish","type":"page","link":"https:\/\/osebnokolektivno.kudmreza.org\/?page_id=19","title":{"rendered":"HOME"},"content":{"rendered":"<p>The personal aspect of involving oneself in artistic practice is always being shaped also through the collective one. And since especially in a simultaneous group activity such as improvisation the opposite is true as well, the two can\u2019t be thought about separately.<\/p>\n<p>This is the presumption on which the festival <strong>Personal \u2013 Collective<\/strong>, now running for the third year, is founded upon.<\/p>\n<p>The initiator of the festival is <strong>Seijiro Murayama<\/strong>, the Japanese percussionist currently residing in Berlin, who in the recent years has frequently performed locally with Slovenian and foreign artists (Toma\u017e Grom, N\u2019Toko, Marko Karlov\u010dec, Martin K\u00fcchen, Renato Rinaldi, Enrico Malatesta\u2026).<\/p>\n<p><strong>Participants of Personal &#8211; Collective 2012:<\/strong><\/p>\n<p><strong>Jean-Luc Guionnet<\/strong>, France<br \/>\n<strong>Dafne Vicente-Sandoval<\/strong>, France<br \/>\n<strong>Noid<\/strong>, Austria<br \/>\n<strong>Klaus Filip<\/strong>, Austria<br \/>\n<strong>Tim Blechmann<\/strong>, Austria<br \/>\n<strong>Samo Kutin<\/strong>, Slovenia<br \/>\n<strong>Ne\u017ea Nagli\u010d<\/strong>, Slovenia<br \/>\n<strong>Marko Karlov\u010dec<\/strong>, Slovenia<br \/>\n<strong>Peter \u0160\u00fcklar<\/strong>, Slovenia<br \/>\n<strong>Bo\u0161tjan Simon<\/strong>, Slovenia<br \/>\n<strong>Seijiro Murayama<\/strong>, Japan, Germany<\/p>\n<p><span class=\"rumena\"><strong>Programme:<\/strong><\/span> <\/p>\n<p><span class=\"rumena\"><strong><br \/>\nWednesday, 5. 9. 2012:<\/strong><\/span><br \/>\n20.00 doors<br \/>\n20.30-21.30 solos<br \/>\n22.00-23.00 trios<br \/>\n23.30-24.30 other things<\/p>\n<p><span class=\"rumena\"><strong>Thursday, 6. 9. 2012:<\/strong><\/span><br \/>\n20.00 doors<br \/>\n20.30-21.30 duos<br \/>\n22.00-23.00 large groups<br \/>\n23.30-24.30 other things<\/p>\n<p><strong>Admission:<\/strong> 5 \u20ac (per day)<br \/>\n<strong>Organized by:<\/strong> Kud Mre\u017ea and Menza pri koritu<\/p>\n<div id=\"crtice\" width=\"100%\"><img decoding=\"async\" alt=\"spacer\" src=\"https:\/\/osebnokolektivno.kudmreza.org\/wp-content\/themes\/osebnokolektivno\/images\/clear.gif\"><\/div>\n<p><\/p>\n<div><img loading=\"lazy\" decoding=\"async\" src=\"https:\/\/osebnokolektivno.kudmreza.org\/wp-content\/themes\/osebnokolektivno\/images\/glavniTajtl_2011_eng.jpg\" alt=\"\" title=\"glavniTajtl_2011_eng\" width=\"711\" height=\"37\" \/><\/div>\n<div><img loading=\"lazy\" decoding=\"async\" src=\"https:\/\/osebnokolektivno.kudmreza.org\/wp-content\/themes\/osebnokolektivno\/images\/sites_2011.jpg\" alt=\"sites_2011\" title=\"sites_2011\" width=\"711\" height=\"24\" \/><\/div>\n<p><\/p>\n<h2>KUD MRE\u017dA\/Metelkova mesto presents:<\/h2>\n<div class=\"h1\">Personal\u2013Collective Festival<\/div>\n<div class=\"h2\">Open theatre of SEM, Menza pri koritu, Kiberpipa<\/div>\n<div class=\"h2\">4. 7. 2011\u20136. 7. 2011<\/div>\n<p>\nThe personal aspect of involving oneself in artistic practice is always being shaped also through the collective one. And since especially in a simultaneous group activity such as improvisation the opposite is true as well, the two can&#8217;t be thought about separately. <\/p>\n<p>This is the presumption on which the festival <strong>Personal \u2013 Collective<\/strong>, now running for the second year, is founded upon. Its main purpose on one side is the interweaving of the \u201cpersonal\u201d and the \u201ccollective\u201d artistic practice, but also artistic genres on the other. Alongside improvising musicians this time there will also be participants coming from the fields of painting, visual arts, dance, performance, theatre and sound art. <\/p>\n<p>The two day event will bring together twenty-one artists from various European countries. They will perform as solo artists, in prearranged formations and combinations put together on the spot. There will also be some special events during the festival: a duo performance by <strong>Jean-Luc Guionnet &amp; Seijiro Murayama<\/strong>,  solo sets by <strong>Eric Cordier<\/strong> and <strong>Annette Krebs<\/strong> and a lecture by <strong>Jean-Luc Guionnet<\/strong> about the architecture of listening (in co-organization with the Series of sound events and lectures Bitshift \/ Kapelica Gallery). <\/p>\n<p>The initiator of the festival is Seijiro Murayama, the Japanese percussionist currently residing in Paris, who in the recent years has frequently performed locally with Slovenian and foreign artists (Toma\u017e Grom, N&#8217;Toko, Marko Karlov\u010dec, Martin K\u00fcchen, Renato Rinaldi, Enrico Malatesta&#8230;).<\/p>\n<div class=\"h3\">Participants of the festival Personal \u2013 Collective 2011:<\/div>\n<p>M: music, D: dance, V: visual art, T: theater, P: performance <\/p>\n<p>Nikos Veliotis (Greece) &#8211; M<br \/>\nDimitra Lazaridou Chatzigoga (Greece) &#8211; M<br \/>\nAnnette Krebs (Germany) &#8211; M<br \/>\nIvan Palacky (Czech Republic) &#8211; M<br \/>\nEric Cordier (France) &#8211; M<br \/>\nSeijiro Murayama (Japan) &#8211; M<br \/>\nEnrico Malatesta (Italy) &#8211; M<br \/>\nFranz Hautzinger (Austria) &#8211; M<br \/>\nJean-Luc Guionnet (France) &#8211; M<br \/>\nMarc Perron-Bailly (France) &#8211; V<br \/>\nGa\u00ebl Leveugle (France) &#8211; T<br \/>\nFran\u00e7ois Bidault (France) &#8211; V<br \/>\nNhandan Chirco (Italy) &#8211; D\/P<br \/>\nJulij Bor\u0161tnik (Slovenia) &#8211; V<br \/>\nDanijel Marin\u010di\u010d (Slovenia) &#8211; M<br \/>\nNe\u017ea Nagli\u010d (Slovenia) &#8211; M<br \/>\nIrena Toma\u017ein (Slovenia) &#8211; M\/D<br \/>\nToma\u017e Grom (Slovenia) &#8211; M<br \/>\nRyuzo Fukuhara (Slovenia) &#8211; D<br \/>\nPaul Wenninger (Austria) &#8211; D <br \/>\nMiro T\u00f3th (Slovakia) &#8211; M<br \/>\nSlavo Krekovi\u010d (Slovakia) &#8211; M<\/p>\n","protected":false},"excerpt":{"rendered":"<p>The personal aspect of involving oneself in artistic practice is always being shaped also through the collective one. And since especially in a simultaneous group activity such as improvisation the opposite is true as well, the two can\u2019t be thought about separately. This is the presumption on which the festival Personal \u2013 Collective, now running [&hellip;]<\/p>\n","protected":false},"author":1,"featured_media":0,"parent":0,"menu_order":0,"comment_status":"open","ping_status":"open","template":"","meta":{"footnotes":""},"class_list":["post-19","page","type-page","status-publish","hentry"],"_links":{"self":[{"href":"https:\/\/osebnokolektivno.kudmreza.org\/index.php?rest_route=\/wp\/v2\/pages\/19","targetHints":{"allow":["GET"]}}],"collection":[{"href":"https:\/\/osebnokolektivno.kudmreza.org\/index.php?rest_route=\/wp\/v2\/pages"}],"about":[{"href":"https:\/\/osebnokolektivno.kudmreza.org\/index.php?rest_route=\/wp\/v2\/types\/page"}],"author":[{"embeddable":true,"href":"https:\/\/osebnokolektivno.kudmreza.org\/index.php?rest_route=\/wp\/v2\/users\/1"}],"replies":[{"embeddable":true,"href":"https:\/\/osebnokolektivno.kudmreza.org\/index.php?rest_route=%2Fwp%2Fv2%2Fcomments&post=19"}],"version-history":[{"count":0,"href":"https:\/\/osebnokolektivno.kudmreza.org\/index.php?rest_route=\/wp\/v2\/pages\/19\/revisions"}],"wp:attachment":[{"href":"https:\/\/osebnokolektivno.kudmreza.org\/index.php?rest_route=%2Fwp%2Fv2%2Fmedia&parent=19"}],"curies":[{"name":"wp","href":"https:\/\/api.w.org\/{rel}","templated":true}]}}