{"id":21,"date":"2011-06-24T03:17:29","date_gmt":"2011-06-24T03:17:29","guid":{"rendered":"https:\/\/osebnokolektivno.kudmreza.org\/?page_id=21"},"modified":"2011-06-24T03:17:29","modified_gmt":"2011-06-24T03:17:29","slug":"organizacija","status":"publish","type":"page","link":"https:\/\/osebnokolektivno.kudmreza.org\/?page_id=21","title":{"rendered":"ORGANIZACIJA"},"content":{"rendered":"<p><strong>KUD Mre\u017ea (AKC Metelkova mesto)<\/strong><br \/>\nMasarykova 24, 1000 Ljubljana<br \/>\nTel.: +386 (0)1 434 0345, faks: +386 (0)1 432 3378<br \/>\n<img decoding=\"async\" src=\"https:\/\/osebnokolektivno.kudmreza.org\/wp-content\/themes\/osebnokolektivno\/images\/kudmrezaLogo2.jpg\" \/><\/p>\n<p>\n<strong>Splet:<\/strong> <a href=\"https:\/\/osebnokolektivno.kudmreza.org\">https:\/\/osebnokolektivno.kudmreza.org<\/a><\/p>\n<p><strong>E-po\u0161ta:<\/strong> natasa.s@guest.arnes.si (Nata\u0161a Serec), urojiise@gmail.com (Seijiro Murayama)<\/p>\n<p><strong>Programska ekipa:<\/strong><br \/>\nSeijiro Murayama, Nata\u0161a Serec, Julij Bor\u0161tnik, Polona Pober\u017enik, Uro\u0161 Gustin\u010di\u010d<\/p>\n<p><strong>Soorganizacija:<\/strong><\/p>\n<p><strong>Prostovoljci:<\/strong><\/p>\n<p><strong>Odnosi z javnostmi:<\/strong> Polona Pober\u017enik<\/p>\n<p><strong>Fotografiranje in snemanje:<\/strong><\/p>\n<p><strong>Tehni\u010dna pomo\u010d:<\/strong> Samo Ljube\u0161i\u0107, Samo Pavlica \u2013 Lin\u010d<\/p>\n<p><strong>Kuharji\/-ce:<\/strong> <\/p>\n<p><strong>Urejanje besedil, prevodi:<\/strong> Polona Pober\u017enik<\/p>\n<p><strong>Ilustracije:<\/strong> Julij Bor\u0161tnik<\/p>\n<p><strong>Spletna stran:<\/strong> Uro\u0161 Gustin\u010di\u010d, Luka Cimolini<\/p>\n<p>\n<strong>Povezave:<\/strong><br \/>\nKUD Mre\u017ea &#8211; <a href=\"http:\/\/www.kudmreza.org\">http:\/\/www.kudmreza.org<\/a><br \/>\nMenza pri koritu &#8211; <a href=\"http:\/\/www.menzaprikoritu.org\">http:\/\/www.menzaprikoritu.org<\/a><br \/>\nZavod Sploh &#8211; <a href=\"http:\/\/www.sploh.si\">http:\/\/www.sploh.si<\/a><\/p>\n<p><strong>Festival ni sofinanciran.<\/strong><\/p>\n<p><\/p>\n<div id=\"crtice\" width=\"100%\"><img decoding=\"async\" alt=\"spacer\" src=\"https:\/\/osebnokolektivno.kudmreza.org\/wp-content\/themes\/osebnokolektivno\/images\/clear.gif\"><\/div>\n<p><\/p>\n<div><img loading=\"lazy\" decoding=\"async\" src=\"https:\/\/osebnokolektivno.kudmreza.org\/wp-content\/themes\/osebnokolektivno\/images\/glavniTajtl_2011_slo.jpg\" alt=\"\" title=\"glavniTajtl_2011_slo\" width=\"711\" height=\"37\" \/><\/div>\n<div><img loading=\"lazy\" decoding=\"async\" src=\"https:\/\/osebnokolektivno.kudmreza.org\/wp-content\/themes\/osebnokolektivno\/images\/prizorisca_2011.jpg\" alt=\"prizorisca_2011\" title=\"prizorisca_2011\" width=\"711\" height=\"24\" \/><\/div>\n<p><strong>KUD Mre\u017ea (AKC Metelkova mesto)<\/strong><br \/>\nMasarykova 24, 1000 Ljubljana<br \/>\nTel.: +386 (0)1 434 0345, faks: +386 (0)1 432 3378<br \/>\n<img loading=\"lazy\" decoding=\"async\" src=\"https:\/\/osebnokolektivno.kudmreza.org\/wp-content\/uploads\/2011\/06\/kudmrezaLogo.jpg\" alt=\"\" title=\"kudmrezaLogo\" width=\"140\" height=\"82\" class=\"alignnone size-full wp-image-202\" \/><\/p>\n<p><strong>Splet:<\/strong> <a href=\"https:\/\/osebnokolektivno.kudmreza.org\">https:\/\/osebnokolektivno.kudmreza.org<\/a><\/p>\n<p><strong>E-po\u0161ta:<\/strong> natasa.s@guest.arnes.si (Nata\u0161a Serec), urojiise@gmail.com (Seijiro Murayama)<\/p>\n<p><strong>Programska ekipa:<\/strong> <br \/>\nSeijiro Murayama, Nata\u0161a Serec, Julij Bor\u0161tnik, Polona Pober\u017enik, Uro\u0161 Gustin\u010di\u010d, Ne\u017ea Nagli\u010d, Leigh San Juan<\/p>\n<p><strong>Koprodukcija:<\/strong> Art sredi\u0161\u010de<br \/>\n<img loading=\"lazy\" decoding=\"async\" src=\"https:\/\/osebnokolektivno.kudmreza.org\/wp-content\/uploads\/2011\/06\/art_sredisce_logo_mali.jpg\" alt=\"\" title=\"art_sredisce_logo_mali\" width=\"121\" height=\"64\" class=\"alignnone size-full wp-image-203\" \/><\/p>\n<p><strong>Soorganizacija:<\/strong> Serija zvo\u010dnih dogodkov in predavanj Bitshift \/ Galerija Kapelica, Menza pri koritu<\/p>\n<p><strong>Prostovoljci:<\/strong>Zlatko Turja\u010danin, Teja Colja, Gregor Mre\u017ear<\/p>\n<p><strong>Odnosi z javnostmi:<\/strong> Polona Pober\u017enik<\/p>\n<p><strong>Fotografiranje in snemanje:<\/strong> Sa\u0161o Ko\u010devar, Julij Bor\u0161tnik<\/p>\n<p><strong>Tehni\u010dna pomo\u010d:<\/strong> Samo Ljube\u0161i\u0107, Samo Pavlica \u2013 Lin\u010d<\/p>\n<p><strong>Kuharji\/-ce:<\/strong> Leigh San Juan, Nata\u0161a Serec, Tanja Ivan\u010di\u010d, Sa\u0161ka Goropev\u0161ek <\/p>\n<p><strong>Urejanje besedil, prevodi:<\/strong> Ne\u017ea Nagli\u010d, \u017diga Pucelj, Polona Pober\u017enik<\/p>\n<p><strong>Ilustracije:<\/strong> Julij Bor\u0161tnik<\/p>\n<p><strong>Oblikovanje:<\/strong> Luka Cimolini<\/p>\n<p><strong>Spletna stran:<\/strong> Uro\u0161 Gustin\u010di\u010d, Luka Cimolini<\/p>\n<p><strong>Maskota:<\/strong> Julij Bor\u0161tnik, Uro\u0161 Gustin\u010di\u010d, Katja Oblak<\/p>\n<p><strong>Povezave:<\/strong> <br \/>\nKUD Mre\u017ea &#8211; <a href=\"http:\/\/www.kudmreza.org\">http:\/\/www.kudmreza.org<\/a><br \/>\nArt sredi\u0161\u010de &#8211; <a href=\"http:\/\/www.artcenter-slovenia.org\">http:\/\/www.artcenter-slovenia.org<\/a><br \/>\nMenza pri koritu  &#8211; <a href=\"http:\/\/www.menzaprikoritu.org\">http:\/\/www.menzaprikoritu.org<\/a><br \/>\nZavod Sploh &#8211; <a href=\"http:\/\/www.sploh.si\">http:\/\/www.sploh.si<\/a><\/p>\n<p><strong>Financiranje:<\/strong> Ministrstvo RS za kulturo, Francoski in\u0161titut Charles Nodier v Ljubljani<br \/>\n<img loading=\"lazy\" decoding=\"async\" src=\"https:\/\/osebnokolektivno.kudmreza.org\/wp-content\/uploads\/2011\/06\/MZK_logo.jpg\" alt=\"\" title=\"MZK_logo\" width=\"129\" height=\"32\" class=\"alignnone size-full wp-image-204\" \/><img loading=\"lazy\" decoding=\"async\" src=\"https:\/\/osebnokolektivno.kudmreza.org\/wp-content\/uploads\/2011\/06\/clear.gif\" alt=\"\" title=\"clear\" width=\"10\" height=\"5\" class=\"alignnone size-full wp-image-210\" \/><img loading=\"lazy\" decoding=\"async\" src=\"https:\/\/osebnokolektivno.kudmreza.org\/wp-content\/uploads\/2011\/06\/CharlesNodier_logo.gif\" alt=\"\" title=\"CharlesNodier_logo\" width=\"128\" height=\"34\" class=\"alignnone size-full wp-image-205\" \/><\/p>\n","protected":false},"excerpt":{"rendered":"<p>KUD Mre\u017ea (AKC Metelkova mesto) Masarykova 24, 1000 Ljubljana Tel.: +386 (0)1 434 0345, faks: +386 (0)1 432 3378 Splet: https:\/\/osebnokolektivno.kudmreza.org E-po\u0161ta: natasa.s@guest.arnes.si (Nata\u0161a Serec), urojiise@gmail.com (Seijiro Murayama) Programska ekipa: Seijiro Murayama, Nata\u0161a Serec, Julij Bor\u0161tnik, Polona Pober\u017enik, Uro\u0161 Gustin\u010di\u010d Soorganizacija: Prostovoljci: Odnosi z javnostmi: Polona Pober\u017enik Fotografiranje in snemanje: Tehni\u010dna pomo\u010d: Samo Ljube\u0161i\u0107, Samo [&hellip;]<\/p>\n","protected":false},"author":1,"featured_media":0,"parent":0,"menu_order":0,"comment_status":"open","ping_status":"open","template":"","meta":{"footnotes":""},"class_list":["post-21","page","type-page","status-publish","hentry"],"_links":{"self":[{"href":"https:\/\/osebnokolektivno.kudmreza.org\/index.php?rest_route=\/wp\/v2\/pages\/21","targetHints":{"allow":["GET"]}}],"collection":[{"href":"https:\/\/osebnokolektivno.kudmreza.org\/index.php?rest_route=\/wp\/v2\/pages"}],"about":[{"href":"https:\/\/osebnokolektivno.kudmreza.org\/index.php?rest_route=\/wp\/v2\/types\/page"}],"author":[{"embeddable":true,"href":"https:\/\/osebnokolektivno.kudmreza.org\/index.php?rest_route=\/wp\/v2\/users\/1"}],"replies":[{"embeddable":true,"href":"https:\/\/osebnokolektivno.kudmreza.org\/index.php?rest_route=%2Fwp%2Fv2%2Fcomments&post=21"}],"version-history":[{"count":0,"href":"https:\/\/osebnokolektivno.kudmreza.org\/index.php?rest_route=\/wp\/v2\/pages\/21\/revisions"}],"wp:attachment":[{"href":"https:\/\/osebnokolektivno.kudmreza.org\/index.php?rest_route=%2Fwp%2Fv2%2Fmedia&parent=21"}],"curies":[{"name":"wp","href":"https:\/\/api.w.org\/{rel}","templated":true}]}}